{"id":3616,"date":"2020-04-08T21:44:14","date_gmt":"2020-04-08T19:44:14","guid":{"rendered":"https:\/\/helianthusbrussels.com\/shop\/?post_type=product&#038;p=3616"},"modified":"2026-02-15T19:59:46","modified_gmt":"2026-02-15T18:59:46","slug":"rose-red","status":"publish","type":"product","link":"https:\/\/helianthusbrussels.com\/shop\/product\/rose-red\/","title":{"rendered":"ROSES ROUGES"},"content":{"rendered":"<p>[vc_row][vc_column]<div class=\"mkdf-section-title-holder   mkdf-st-subtitle-pos-under\" >\n\t<div class=\"mkdf-st-inner\">\n\t\t\t\t        \t\t\t\t\t<p class=\"mkdf-st-text\" >\n\t\t\t\tPour profiter plus longtemps de la beaut\u00e9 de vos fleurs, recoupez la pointe de leurs tiges en biais, dans un angle \u00e0 45\u00b0.\nAvant de placer vos fleurs dans de l\u2019eau fra\u00eeche, veillez \u00e0 retirer tout feuillage qui se retrouverait en dessous du niveau de l\u2019eau.\nPour conserver au mieux vos fleurs, gardez-les \u00e0 l'abri des changements de temp\u00e9rature et d'une exposition directe au soleil.\nComme toutes les fleurs, elles appr\u00e9cieront d\u2019\u00eatre nourries et que leur eau soit chang\u00e9e r\u00e9guli\u00e8rement.\nNous portons \u00e0 votre attention que les fleurs sont des produits naturels, dont la couleur et la taille peuvent l\u00e9g\u00e8rement varier au cours de la saison.\t\t\t<\/p>\n\t\t\t<\/div>\n<\/div>[\/vc_column][\/vc_row]<\/p>\n","protected":false},"excerpt":{"rendered":"<p>La rose est la fleur des rosiers, arbustes du genre Rosa et de la famille des Rosaceae. La rose des jardins se caract\u00e9rise avant tout par la multiplication de ses p\u00e9tales imbriqu\u00e9s qui lui donne sa forme caract\u00e9ristique.<\/p>\n<p>La rose est l\u2019une des plantes les plus cultiv\u00e9es au monde et elle occupe la premi\u00e8re place dans le march\u00e9 des fleurs. Mais on oublie souvent que les rosiers sont aussi des plantes sauvages (le plus connu en Europe est l\u2019\u00e9glantier) aux fleurs simples \u00e0 cinq p\u00e9tales, qui sont devenus \u00e0 la mode, pour leur aspect plus naturel, depuis quelques d\u00e9cennies sous le nom de \u00ab roses botaniques \u00bb.<\/p>\n","protected":false},"featured_media":5061,"template":"","meta":[],"product_brand":[],"product_cat":[180,134,99],"product_tag":[107,125],"class_list":{"0":"post-3616","1":"product","2":"type-product","3":"status-publish","4":"has-post-thumbnail","6":"product_cat-bouquets","7":"product_cat-fleurs-rouges","8":"product_cat-roses","9":"product_tag-fleurs","10":"product_tag-rose","11":"pif-has-gallery","13":"first","14":"instock","15":"taxable","16":"shipping-taxable","17":"purchasable","18":"product-type-variable"},"_links":{"self":[{"href":"https:\/\/helianthusbrussels.com\/shop\/wp-json\/wp\/v2\/product\/3616","targetHints":{"allow":["GET"]}}],"collection":[{"href":"https:\/\/helianthusbrussels.com\/shop\/wp-json\/wp\/v2\/product"}],"about":[{"href":"https:\/\/helianthusbrussels.com\/shop\/wp-json\/wp\/v2\/types\/product"}],"wp:featuredmedia":[{"embeddable":true,"href":"https:\/\/helianthusbrussels.com\/shop\/wp-json\/wp\/v2\/media\/5061"}],"wp:attachment":[{"href":"https:\/\/helianthusbrussels.com\/shop\/wp-json\/wp\/v2\/media?parent=3616"}],"wp:term":[{"taxonomy":"product_brand","embeddable":true,"href":"https:\/\/helianthusbrussels.com\/shop\/wp-json\/wp\/v2\/product_brand?post=3616"},{"taxonomy":"product_cat","embeddable":true,"href":"https:\/\/helianthusbrussels.com\/shop\/wp-json\/wp\/v2\/product_cat?post=3616"},{"taxonomy":"product_tag","embeddable":true,"href":"https:\/\/helianthusbrussels.com\/shop\/wp-json\/wp\/v2\/product_tag?post=3616"}],"curies":[{"name":"wp","href":"https:\/\/api.w.org\/{rel}","templated":true}]}}